{"id":884,"date":"2024-09-30T10:27:33","date_gmt":"2024-09-30T10:27:33","guid":{"rendered":"https:\/\/signage-group.com\/?page_id=884"},"modified":"2024-10-01T10:11:50","modified_gmt":"2024-10-01T10:11:50","slug":"privacy-policy","status":"publish","type":"page","link":"https:\/\/signage-group.com\/de\/privacy-policy\/","title":{"rendered":"Datenschutzerkl\u00e4rung"},"content":{"rendered":"<div data-elementor-type=\"wp-page\" data-elementor-id=\"884\" class=\"elementor elementor-884\" data-elementor-post-type=\"page\">\n\t\t\t\t<div class=\"elementor-element elementor-element-2efadf5 e-flex e-con-boxed e-con e-parent\" data-id=\"2efadf5\" data-element_type=\"container\" data-e-type=\"container\">\n\t\t\t\t\t<div class=\"e-con-inner\">\n\t\t\t\t\t<\/div>\n\t\t\t\t<\/div>\n\t\t<div class=\"elementor-element elementor-element-6966e95 e-flex e-con-boxed e-con e-parent\" data-id=\"6966e95\" data-element_type=\"container\" data-e-type=\"container\">\n\t\t\t\t\t<div class=\"e-con-inner\">\n\t\t\t\t<div class=\"elementor-element elementor-element-55aec35 elementor-widget elementor-widget-heading\" data-id=\"55aec35\" data-element_type=\"widget\" data-e-type=\"widget\" data-widget_type=\"heading.default\">\n\t\t\t\t<div class=\"elementor-widget-container\">\n\t\t\t\t\t<h2 class=\"elementor-heading-title elementor-size-default\">Datenschutzerkl\u00e4rung<\/h2>\t\t\t\t<\/div>\n\t\t\t\t<\/div>\n\t\t\t\t<div class=\"elementor-element elementor-element-1ec0cd0 elementor-widget elementor-widget-heading\" data-id=\"1ec0cd0\" data-element_type=\"widget\" data-e-type=\"widget\" data-widget_type=\"heading.default\">\n\t\t\t\t<div class=\"elementor-widget-container\">\n\t\t\t\t\t<h2 class=\"elementor-heading-title elementor-size-default\">Datenschutz und Sicherheit<\/h2>\t\t\t\t<\/div>\n\t\t\t\t<\/div>\n\t\t\t\t<div class=\"elementor-element elementor-element-9e1c17f elementor-widget elementor-widget-text-editor\" data-id=\"9e1c17f\" data-element_type=\"widget\" data-e-type=\"widget\" data-widget_type=\"text-editor.default\">\n\t\t\t\t<div class=\"elementor-widget-container\">\n\t\t\t\t\t\t\t\t\t<p>Data protection is a matter of trust and we greatly value your trust. We respect your privacy. We are committed to safeguarding and collecting, processing and using your personal data solely in compliance with legal regulations. To make you visit to our website a safe one, we strictly abide by all applicable legal regulations when processing your personal data. This privacy policy explains how we collect and use data. By accepting the following privacy policy, you agree to the collection, processing and use of your personal information by ONE TEAM Signage Group GmbH, Bogen 45, Holzmarktstr. 15-18, 10179 Berlin in line with all data protection laws and the following provisions. Data controller, data protection officer, ONE TEAM Signage Group GmbH, Bogen 45, Holzmarktstr. 15-18, 10179 Berlin, Germany is responsible for your privacy protection and is the official service provider. If you have questions regarding our website, the following information, or if you would like to contact our privacy protection representative, please send us an email at support@signage-group.com<\/p>\t\t\t\t\t\t\t\t<\/div>\n\t\t\t\t<\/div>\n\t\t\t\t<div class=\"elementor-element elementor-element-08c318a elementor-widget elementor-widget-heading\" data-id=\"08c318a\" data-element_type=\"widget\" data-e-type=\"widget\" data-widget_type=\"heading.default\">\n\t\t\t\t<div class=\"elementor-widget-container\">\n\t\t\t\t\t<h2 class=\"elementor-heading-title elementor-size-default\">Datenverarbeitende Stelle und Datenschutzbeauftragter<\/h2>\t\t\t\t<\/div>\n\t\t\t\t<\/div>\n\t\t\t\t<div class=\"elementor-element elementor-element-4aa0bed elementor-widget elementor-widget-text-editor\" data-id=\"4aa0bed\" data-element_type=\"widget\" data-e-type=\"widget\" data-widget_type=\"text-editor.default\">\n\t\t\t\t<div class=\"elementor-widget-container\">\n\t\t\t\t\t\t\t\t\t<p>Verantwortliche Stelle und Dienstanbieter ist die ONE TEAM Signage Group GmbH, Bogen 45, Holzmarktstr. 15-18, 10179 Berlin. Bei Fragen zu unserer Website, den nachstehenden Ausf\u00fchrungen oder f\u00fcr Anfragen an unseren Datenschutzbeauftragten wenden Sie sich bitte an support@signage-group.com<\/p>\t\t\t\t\t\t\t\t<\/div>\n\t\t\t\t<\/div>\n\t\t\t\t<div class=\"elementor-element elementor-element-f2c76cb elementor-widget elementor-widget-heading\" data-id=\"f2c76cb\" data-element_type=\"widget\" data-e-type=\"widget\" data-widget_type=\"heading.default\">\n\t\t\t\t<div class=\"elementor-widget-container\">\n\t\t\t\t\t<h2 class=\"elementor-heading-title elementor-size-default\">Was sind personenbezogene Daten?<\/h2>\t\t\t\t<\/div>\n\t\t\t\t<\/div>\n\t\t\t\t<div class=\"elementor-element elementor-element-453e1e4 elementor-widget elementor-widget-text-editor\" data-id=\"453e1e4\" data-element_type=\"widget\" data-e-type=\"widget\" data-widget_type=\"text-editor.default\">\n\t\t\t\t<div class=\"elementor-widget-container\">\n\t\t\t\t\t\t\t\t\t<p>During registration for your customer account, we collect and implement your personal data in order to finalise the order process, as well as customise your personal shopping experience. Your data will be transmitted to third parties only as required to perform the contract or for billing purposes. For example, the service providers we employ in the handling of orders (e.g., carriers, payment service providers, banks) will be provided with the data necessary for completing your order. In subscribing for a newsletter you agree that ONE TEAM Signage Group GmbH, Bogen 45, Holzmarktstr. 15-18, 10179 Berlin, Germany may use the data you entered to inform you by e-mail about the contents and\/or products selected by you. You may revoke your consent at any time with effect for the future, either by written notice to ONE TEAM Signage Group GmbH, Bogen 45, Holzmarktstr. 15-18, 10179 Berlin, Germany or by email to support@signage-group.com. ou may also unsubscribe from any newsletter via the link provided at the end of each newsletter. We transfer your data to our service providers only for data administration and hosting purposes. In connection with our newsletter mailings, we may utilise user data to create anonymous user profiles for purposes of market research, advertising or customised newsletter contents. As part of certain marketing activities, our service providers may obtain necessary data to process orders. They reserve the right to use this information only for their designated activities and are prohibited from sharing it with unauthorised third parties. You may object to any such use of your data by notice via post, fax, or email to support@signage-group.com, in no particular format. Further, we collect, process and use address and order data for our own marketing purposes. You may object to any such use, processing and transfer of your personal data for marketing purposes at any time by notice via post, fax, or email to support@signage-group.com, in no particular format. We also collect and use the data you submit to us when using the contact form, for the purpose of processing your inquiries.<\/p>\t\t\t\t\t\t\t\t<\/div>\n\t\t\t\t<\/div>\n\t\t\t\t<div class=\"elementor-element elementor-element-e1e0736 elementor-widget elementor-widget-heading\" data-id=\"e1e0736\" data-element_type=\"widget\" data-e-type=\"widget\" data-widget_type=\"heading.default\">\n\t\t\t\t<div class=\"elementor-widget-container\">\n\t\t\t\t\t<h2 class=\"elementor-heading-title elementor-size-default\">Cookies<\/h2>\t\t\t\t<\/div>\n\t\t\t\t<\/div>\n\t\t\t\t<div class=\"elementor-element elementor-element-00de317 elementor-widget elementor-widget-text-editor\" data-id=\"00de317\" data-element_type=\"widget\" data-e-type=\"widget\" data-widget_type=\"text-editor.default\">\n\t\t\t\t<div class=\"elementor-widget-container\">\n\t\t\t\t\t\t\t\t\t<div class=\"privacy-content\">Wir verwenden sog. Cookies, um die Navigation und Nutzung unserer Website m\u00f6glichst benutzerfreundlich zu gestalten. Cookies sind kleinere Dateien mit Text-Informationen, die w\u00e4hrend des Abrufs des Angebotes auf Ihrer Festplatte abgelegt werden. Wir ben\u00f6tigen die Cookies, um Sie nach erfolgreicher Anmeldung im gesch\u00fctzten Bereich f\u00fcr die gesamte Dauer Ihres Besuches zu identifizieren und zu autorisieren. Cookies dienen aber auch dazu, die Pr\u00e4ferenzen der Besucher zu speichern. So k\u00f6nnen wir die Inhalte unserer Website gezielt auf Ihre Bed\u00fcrfnisse abstimmen und somit unser Angebot f\u00fcr Sie verbessern. Wir k\u00f6nnen mit den Cookies keinen Bezug zu Nutzern herstellen. Sie k\u00f6nnen die Option zur Speicherung dieser Cookies jederzeit in den Systemeinstellungen Ihres Browser deaktivieren und vorhandene Cookies l\u00f6schen. Jeder Nutzer kann das Angebot auch ohne Cookies betrachten. Wenn Sie keine Cookies akzeptieren, kann dies allerdings zur Funktionseinschr\u00e4nkung unseres Angebotes f\u00fchren. Einige der von uns verwendeten Cookies werden nach Ende der Browser-Sitzung (Ende der Session) automatisch wieder von Ihrer Festplatte gel\u00f6scht (Session-Cookies). Session-Cookies werden beispielsweise ben\u00f6tigt, um Ihnen die Warenkorb-Funktion \u00fcber mehrere Seiten hinweg anzubieten. Dar\u00fcber hinaus verwenden wir auch Cookies, die \u00fcber die Browser-Sitzung hinaus f\u00fcr eine bestimmte Zeit (je nach Cookie zwischen einem Tag und f\u00fcnf Jahren) auf Ihrer Festplatte verbleiben. Bei einem weiteren Besuch wird dann automatisch erkannt, welches Land und welche Sprache Sie bei Ihrem letzten Besuch auf unserer Website ausgew\u00e4hlt haben. Diese persistenten Cookies werden auf Ihrer Festplatte gespeichert und nach der vorgegebenen Zeit durch den Browser gel\u00f6scht. Bei den Cookies kann es sich auch um solche von Drittanbietern handeln.<\/div>\t\t\t\t\t\t\t\t<\/div>\n\t\t\t\t<\/div>\n\t\t\t\t<div class=\"elementor-element elementor-element-c195a76 elementor-widget elementor-widget-heading\" data-id=\"c195a76\" data-element_type=\"widget\" data-e-type=\"widget\" data-widget_type=\"heading.default\">\n\t\t\t\t<div class=\"elementor-widget-container\">\n\t\t\t\t\t<h2 class=\"elementor-heading-title elementor-size-default\">Retargeting-Funktionen<\/h2>\t\t\t\t<\/div>\n\t\t\t\t<\/div>\n\t\t\t\t<div class=\"elementor-element elementor-element-d2bd317 elementor-widget elementor-widget-text-editor\" data-id=\"d2bd317\" data-element_type=\"widget\" data-e-type=\"widget\" data-widget_type=\"text-editor.default\">\n\t\t\t\t<div class=\"elementor-widget-container\">\n\t\t\t\t\t\t\t\t\t<div class=\"privacy-content\">Wir verwenden auf unserer Website Retargeting- und Remarketing-Funktionen von Drittanbietern. Diese Technologien erm\u00f6glichen es, Internetnutzer, die zuvor support@signage-group.com besucht haben, auf den Websites unserer Partner mit personalisierter Werbung anzusprechen. Hierzu speichert der jeweilige Retargeting- bzw. Remarketing-Anbieter ein Cookie auf Ihrer Festplatte. Auf Basis der Cookie-Technologie werden in pseudonymisierter Form Nutzungsinformationen gespeichert, bspw. welche Werbung Sie von uns erhalten oder angeklickt haben, welche Produkte Sie sich angesehen haben, ob etwas gekauft wurde. Die pseudonymen Daten werden zu keinem Zeitpunkt mit Ihren personenbezogenen Daten zusammengef\u00fchrt und dienen ausschlie\u00dflich dazu, Werbung auf die Interessen des jeweiligen Nutzers bezogen zu erm\u00f6glichen. Der Verwendung der Retargeting- bzw. Remarketing-Funktion k\u00f6nnen Sie widersprechen, indem Sie \u00fcber folgende Links, bei den jeweiligen Drittanbietern die Seiten zur Deaktivierung der Cookies aufrufen: Google<\/div>\t\t\t\t\t\t\t\t<\/div>\n\t\t\t\t<\/div>\n\t\t\t\t<div class=\"elementor-element elementor-element-c861ead elementor-widget elementor-widget-heading\" data-id=\"c861ead\" data-element_type=\"widget\" data-e-type=\"widget\" data-widget_type=\"heading.default\">\n\t\t\t\t<div class=\"elementor-widget-container\">\n\t\t\t\t\t<h2 class=\"elementor-heading-title elementor-size-default\">Einsatz von Google Analytics<\/h2>\t\t\t\t<\/div>\n\t\t\t\t<\/div>\n\t\t\t\t<div class=\"elementor-element elementor-element-48c2f26 elementor-widget elementor-widget-text-editor\" data-id=\"48c2f26\" data-element_type=\"widget\" data-e-type=\"widget\" data-widget_type=\"text-editor.default\">\n\t\t\t\t<div class=\"elementor-widget-container\">\n\t\t\t\t\t\t\t\t\t<div class=\"privacy-content\">Wir setzen dar\u00fcber hinaus Google Analytics, einen Webanalysedienst der Google Inc. (\u201eGoogle\u201c), ein. Google Analytics basiert ebenfalls auf Cookies und erm\u00f6glicht die Analyse der Benutzung der Websites. Wir haben f\u00fcr unsere Website die IP-Anonymisierung aktiviert, so dass die mit den Nutzungsinformationen automatisch mit \u00fcbermittelten IP-Adressen von Google innerhalb der Europ\u00e4ischen Union oder in einem anderen Staat des Europ\u00e4ischen Wirtschaftsraums gek\u00fcrzt werden, bevor die Weiterleitung und Speicherung dieser Daten in die USA erfolgt. Nur in Ausnahmef\u00e4llen werden IP-Adressen an einen Server von Google in den USA \u00fcbertragen und erst dort gek\u00fcrzt. In unserem Auftrag benutzt Google diese Informationen, um f\u00fcr uns die Nutzung der Website auszuwerten, Reports \u00fcber die Websiteaktivit\u00e4ten zusammenzustellen und weitere mit der Website- und Internetnutzung verbundene Dienstleistungen zu erbringen.<div>\u00a0<\/div>Das beschriebene Verfahren der IP-Anonymisierung wurde zwischen der Google Inc. und dem Hamburgischen Beauftragten f\u00fcr Datenschutz und Informationsfreiheit abgestimmt und als datenschutzkonform anerkannt (vgl. die entsprechende Pressemitteilung auf den Seiten des HmbBfDI). Die datenschutzrechtlichen Informationen zu Google Analytics finden Sie hier. Die im Rahmen von Google Analytics von Ihrem Browser \u00fcbermittelte IP-Adresse wird nicht mit anderen Daten von Google zusammengef\u00fchrt. Sie k\u00f6nnen die Speicherung der Cookies durch eine entsprechende Einstellung Ihres Browsers verhindern. Sie k\u00f6nnen dar\u00fcber hinaus die Erfassung der durch das Cookie erzeugten und auf Ihre Nutzung der Website bezogenen Daten (inkl. Ihrer IP-Adresse) an Google sowie die Verarbeitung dieser Daten durch Google verhindern, indem sie das unter dem folgenden Link verf\u00fcgbare Browser-Plugin herunterladen und installieren.<\/div>\t\t\t\t\t\t\t\t<\/div>\n\t\t\t\t<\/div>\n\t\t\t\t<div class=\"elementor-element elementor-element-3ef3063 elementor-widget elementor-widget-heading\" data-id=\"3ef3063\" data-element_type=\"widget\" data-e-type=\"widget\" data-widget_type=\"heading.default\">\n\t\t\t\t<div class=\"elementor-widget-container\">\n\t\t\t\t\t<h2 class=\"elementor-heading-title elementor-size-default\">Verwendung von Hotjar<\/h2>\t\t\t\t<\/div>\n\t\t\t\t<\/div>\n\t\t\t\t<div class=\"elementor-element elementor-element-33435e5 elementor-widget elementor-widget-text-editor\" data-id=\"33435e5\" data-element_type=\"widget\" data-e-type=\"widget\" data-widget_type=\"text-editor.default\">\n\t\t\t\t<div class=\"elementor-widget-container\">\n\t\t\t\t\t\t\t\t\t<div class=\"privacy-content\"><p>Wir nutzen Hotjar, um die Bed\u00fcrfnisse unserer Nutzer besser zu verstehen und das Angebot auf dieser Webseite zu optimieren. Mithilfe der Technologie von Hotjar bekommen wir eine besseres Verst\u00e4ndnis von den Erfahrungen unserer Nutzer (z.B. wieviel Zeit Nutzer auf welchen Seiten verbringen, welche Links sie anklicken, was sie m\u00f6gen und was nicht etc.) und das hilft uns, unser Angebot am Feedback unserer Nutzer auszurichten. Hotjar arbeitet mit Cookies und anderen Technologien, um Informationen \u00fcber das Verhalten unserer Nutzer und \u00fcber ihre Endger\u00e4te zu sammeln (insbesondere IP Adresse des Ger\u00e4ts (wird nur in anonymisierter Form erfasst und gespeichert), Bildschirmgr\u00f6\u00dfe, Ger\u00e4tetyp (Unique Device Identifiers), Informationen \u00fcber den verwendeten Browser, Standort (nur Land), zum Anzeigen unserer Webseite bevorzugte Sprache). Hotjar speichert diese Informationen in einem pseudonymisierten Nutzerprofil. Die Informationen werden weder von Hotjar noch von uns zur Identifizierung einzelner Nutzer verwendet oder mit weiteren Daten \u00fcber einzelne Nutzer zusammengef\u00fchrt. Weitere Informationen finden Sie in Hotjars Datenschutzerkl\u00e4rung hier. <a href=\"https:\/\/www.hotjar.com\/legal\/policies\/privacy\/\">www.hotjar.com\/legal\/policies\/privacy<\/a><\/p><div>\u00a0<\/div><p>Sie k\u00f6nnen der Speicherung eines Nutzerprofils und von Informationen \u00fcber Ihren Besuch auf unserer Webseite durch Hotjar sowie dem Setzen von Hotjar Tracking Cookies auf anderen Webseiten widersprechen, wenn Sie diesen Opt-Out-Link anklicken. <a href=\"https:\/\/www.hotjar.com\/legal\/policies\/privacy\/\">www.hotjar.com\/legal\/policies\/privacy<\/a><\/p><\/div>\t\t\t\t\t\t\t\t<\/div>\n\t\t\t\t<\/div>\n\t\t\t\t<div class=\"elementor-element elementor-element-cbd7228 elementor-widget elementor-widget-heading\" data-id=\"cbd7228\" data-element_type=\"widget\" data-e-type=\"widget\" data-widget_type=\"heading.default\">\n\t\t\t\t<div class=\"elementor-widget-container\">\n\t\t\t\t\t<h2 class=\"elementor-heading-title elementor-size-default\">Verwendung von Social Plugins<\/h2>\t\t\t\t<\/div>\n\t\t\t\t<\/div>\n\t\t\t\t<div class=\"elementor-element elementor-element-199e9ea elementor-widget elementor-widget-text-editor\" data-id=\"199e9ea\" data-element_type=\"widget\" data-e-type=\"widget\" data-widget_type=\"text-editor.default\">\n\t\t\t\t<div class=\"elementor-widget-container\">\n\t\t\t\t\t\t\t\t\t<div class=\"privacy-content\"><p>Wir verwenden auf unserer Website Social Plugins mehrerer Anbieter in der jeweiligen Standardeinbindung: Den\u201dGef\u00e4llt mir\u201d-Button von Facebook der Facebook Inc., 1601 S. California Ave, Palo Alto, CA 94304, USA. Der Button ist mit dem Facebook Logo und dem Zusatz \u201cGef\u00e4llt mir\u201d gekennzeichnet. Die \u201c+1\u201d-Schaltfl\u00e4che von Google+ (Google Plus) der Google Inc., 1600 Amphitheatre Parkway, Mountain View, Kalifornien, 94043 USA. Das Social Plugin von Twitter, welches von der Twitter, Inc., 795 Folsom St., Suite 600, San Francisco, CA 94107, USA, betrieben wird. Das Social Plugin der Website Pinterest. Das Social Plugin des App-Betreibers instagram.com. Wenn Sie eine unserer Websites aufrufen, die ein solches Plugin enth\u00e4lt, kann es sein, dass ein Cookie vom Anbieter des Plugins in Ihrem Browser gespeichert wird. Wir haben keinen Einfluss auf den Umfang der Daten, die der Anbieter mit Hilfe dieses Plugins erhebt. Durch diese Plugins kann es sein, dass der Anbieter Informationen wie etwa das Datum und die Uhrzeit Ihres Besuchs unserer Websites, Ihre IP-Adresse oder den Typ des von Ihnen verwendeten Browsers erh\u00e4lt. Falls Sie kein Mitglied des jeweiligen Anbieters sind, besteht unter Umst\u00e4nden trotzdem die M\u00f6glichkeit, dass der Anbieter Ihre IP-Adresse in Erfahrung bringt und speichert. Zweck und Umfang der Datenerhebung und die weitere Verarbeitung und Nutzung der Daten durch den jeweiligen Anbieter sowie Ihre diesbez\u00fcglichen Rechte und Einstellungsm\u00f6glichkeiten zum Schutz Ihrer Privatsph\u00e4re entnehmen Sie bitte den Datenschutzhinweisen von Facebook, Google+, Twitter, Pinterest und [Instagram] Wenn Sie Mitglied des jeweiligen Anbieters sind und nicht m\u00f6chten, dass der Anbieter \u00fcber unseren Internetauftritt Daten \u00fcber Sie sammelt und mit Ihren beim Anbieter gespeicherten Mitgliedsdaten verkn\u00fcpft, m\u00fcssen Sie sich vor Ihrem Besuch unseres Internetauftritts bei dem entsprechenden Anbieter ausloggen. Sind Sie w\u00e4hrend des Besuchs unserer Websites bei dem jeweiligen Anbieter des Plugins eingeloggt, kann der Anbieter dies und Ihre, falls Sie mit den Plugins interagieren, etwaigen Eingaben Ihrem Nutzerkonto zuordnen, zum Beispiel den entsprechenden Button auf unserer Website bet\u00e4tigen oder einen Kommentar abgeben. Ihre Empfehlungen bzw. Kommentare k\u00f6nnen als Hinweise zusammen mit Ihrem Profilnamen und Ihrem Foto in dem Dienst des jeweiligen Anbieters, wie etwa in Suchergebnissen oder in Ihrem Nutzerprofil, oder an anderen Stellen auf Websites und Anzeigen im Internet eingeblendet werden.<\/p><\/div>\t\t\t\t\t\t\t\t<\/div>\n\t\t\t\t<\/div>\n\t\t\t\t<div class=\"elementor-element elementor-element-29caef2 elementor-widget elementor-widget-heading\" data-id=\"29caef2\" data-element_type=\"widget\" data-e-type=\"widget\" data-widget_type=\"heading.default\">\n\t\t\t\t<div class=\"elementor-widget-container\">\n\t\t\t\t\t<h2 class=\"elementor-heading-title elementor-size-default\">Das Social Plugin der Website Facebook<\/h2>\t\t\t\t<\/div>\n\t\t\t\t<\/div>\n\t\t\t\t<div class=\"elementor-element elementor-element-838a7da elementor-widget elementor-widget-text-editor\" data-id=\"838a7da\" data-element_type=\"widget\" data-e-type=\"widget\" data-widget_type=\"text-editor.default\">\n\t\t\t\t<div class=\"elementor-widget-container\">\n\t\t\t\t\t\t\t\t\t<div class=\"privacy-content\"><p>Der Facebook \u201eGef\u00e4llt mir\u201c-Button (\u201eLike\u201c) von Facebook Inc., 1601 S. California Ave, Palo Alto, CA 94304, USA. Der Button ist mit dem Facebook-Logo und dem Zusatz \u201eGef\u00e4llt mir\u201c (\u201eLike\u201c) gekennzeichnet. Der \u201e+1\u201c-Button von Google+ (Google Plus) von Google Inc., 1600 Amphitheatre Parkway, Mountain View, California, 94043 USA. Das Social Plugin von Twitter, betrieben von Twitter, Inc., 795 Folsom St., Suite 600, San Francisco, CA 94107, USA.<\/p><\/div>\t\t\t\t\t\t\t\t<\/div>\n\t\t\t\t<\/div>\n\t\t\t\t<div class=\"elementor-element elementor-element-ba8922a elementor-widget elementor-widget-heading\" data-id=\"ba8922a\" data-element_type=\"widget\" data-e-type=\"widget\" data-widget_type=\"heading.default\">\n\t\t\t\t<div class=\"elementor-widget-container\">\n\t\t\t\t\t<h2 class=\"elementor-heading-title elementor-size-default\">Das Social Plugin der Website Pinterest<\/h2>\t\t\t\t<\/div>\n\t\t\t\t<\/div>\n\t\t\t\t<div class=\"elementor-element elementor-element-5e9fece elementor-widget elementor-widget-text-editor\" data-id=\"5e9fece\" data-element_type=\"widget\" data-e-type=\"widget\" data-widget_type=\"text-editor.default\">\n\t\t\t\t<div class=\"elementor-widget-container\">\n\t\t\t\t\t\t\t\t\t<div class=\"privacy-content\"><section class=\"privacy\"><div class=\"page-privacy-policy container\"><div class=\"wrapper\"><div class=\"privacy-content\"><p>Wenn Sie auf eine unserer Websites zugreifen, die eines der oben genannten Plugins enth\u00e4lt, kann der Plugin-Anbieter ein Cookie in Ihrem Browser speichern. Wir haben keine Kontrolle \u00fcber den Umfang der Daten, die der Anbieter \u00fcber das Plugin erhebt. Die Plugins k\u00f6nnen ihren Hosts Informationen wie Datum und Uhrzeit Ihres Besuchs auf unseren Websites, Ihre IP-Adresse oder den von Ihnen verwendeten Browsertyp zur Verf\u00fcgung stellen. Wenn Sie w\u00e4hrend des Besuchs unserer Websites bei Ihrem Konto beim Plugin-Anbieter angemeldet sind, kann der Anbieter diese Informationen und alle von Ihnen eingegebenen Daten, falls Sie mit den Plugins interagieren, mit Ihrem Benutzerkonto abgleichen, z. B. wenn Sie auf die entsprechende Schaltfl\u00e4che auf unserer Website klicken oder einen Kommentar posten. Ihre Empfehlungen oder Kommentare k\u00f6nnen als Information zusammen mit Ihrem Profilnamen und Foto im Dienst des jeweiligen Anbieters angezeigt werden, z. B. in Suchergebnissen oder in Ihrem Benutzerprofil oder an anderen Stellen auf Websites und in Werbeanzeigen im Internet. Wenn Sie kein Mitglied des Dienstes des jeweiligen Anbieters sind, kann der Anbieter unter Umst\u00e4nden dennoch Ihre IP-Adresse erhalten und speichern. Zweck und Umfang der Datenerhebung und die weitere Verarbeitung und Nutzung Ihrer Daten durch den Anbieter sowie Ihre diesbez\u00fcglichen Rechte und Widerspruchsm\u00f6glichkeiten zum Schutz Ihrer Privatsph\u00e4re entnehmen Sie bitte den Datenschutzrichtlinien von Facebook, von Google+, von Twitter und von Pinterest. Wenn Sie Mitglied des jeweiligen Dienstes sind und nicht m\u00f6chten, dass der Dienstanbieter \u00fcber unsere Webseiten Daten \u00fcber Sie sammelt und mit den beim Anbieter gespeicherten Mitgliedsdaten verkn\u00fcpft, m\u00fcssen Sie sich vor dem Besuch unserer Internetseiten von Ihrem Konto beim Anbieter abmelden. Speicherung, Berichtigung, L\u00f6schung und Deaktivierung Ihrer personenbezogenen DatenSie k\u00f6nnen die Daten in Ihrem Kundenkonto, die Sie bei Ihrer Registrierung eingegeben haben, jederzeit einsehen, \u00e4ndern und l\u00f6schen. Daten, die noch ben\u00f6tigt werden, um die von Ihnen angeforderten Dienstleistungen zu erbringen, insbesondere die Erf\u00fcllung und Abwicklung von Vertr\u00e4gen, k\u00f6nnen nicht gel\u00f6scht werden. Die Daten werden bei Beendigung des Vertrags deaktiviert und dar\u00fcber hinaus gel\u00f6scht, sobald die geltende gesetzliche oder vertragliche Aufbewahrungsfrist abgelaufen ist. Wenn Sie Informationen anfordern oder Daten berichtigen oder l\u00f6schen lassen m\u00f6chten, senden Sie bitte eine E-Mail an support@signage-group.com oder einen Brief an ONE TEAM Signage Group GmbH, Bogen 45, Holzmarktstr. 15-18, 10179 Berlin, Deutschland, und geben Sie Ihren Namen und Ihre Kontaktdaten an.<\/p><\/div><\/div><\/div><\/section><footer><div class=\"container\"><div class=\"row footer-links\"><div class=\"col-6 col-md-2\">\u00a0<\/div><\/div><\/div><\/footer><\/div>\t\t\t\t\t\t\t\t<\/div>\n\t\t\t\t<\/div>\n\t\t\t\t\t<\/div>\n\t\t\t\t<\/div>\n\t\t<div class=\"elementor-element elementor-element-0a48f9c e-flex e-con-boxed e-con e-parent\" data-id=\"0a48f9c\" data-element_type=\"container\" data-e-type=\"container\">\n\t\t\t\t\t<div class=\"e-con-inner\">\n\t\t\t\t\t<\/div>\n\t\t\t\t<\/div>\n\t\t\t\t<\/div>","protected":false},"excerpt":{"rendered":"<p>Privacy policy Data protection and security Data protection is a matter of trust and we greatly value your trust. We respect your privacy. We are committed to safeguarding and collecting, processing and using your personal data solely in compliance with legal regulations. To make you visit to our website a safe one, we strictly abide [&hellip;]<\/p>","protected":false},"author":1,"featured_media":0,"parent":0,"menu_order":0,"comment_status":"closed","ping_status":"closed","template":"","meta":{"footnotes":""},"class_list":["post-884","page","type-page","status-publish","hentry"],"_links":{"self":[{"href":"https:\/\/signage-group.com\/de\/wp-json\/wp\/v2\/pages\/884"}],"collection":[{"href":"https:\/\/signage-group.com\/de\/wp-json\/wp\/v2\/pages"}],"about":[{"href":"https:\/\/signage-group.com\/de\/wp-json\/wp\/v2\/types\/page"}],"author":[{"embeddable":true,"href":"https:\/\/signage-group.com\/de\/wp-json\/wp\/v2\/users\/1"}],"replies":[{"embeddable":true,"href":"https:\/\/signage-group.com\/de\/wp-json\/wp\/v2\/comments?post=884"}],"version-history":[{"count":25,"href":"https:\/\/signage-group.com\/de\/wp-json\/wp\/v2\/pages\/884\/revisions"}],"predecessor-version":[{"id":944,"href":"https:\/\/signage-group.com\/de\/wp-json\/wp\/v2\/pages\/884\/revisions\/944"}],"wp:attachment":[{"href":"https:\/\/signage-group.com\/de\/wp-json\/wp\/v2\/media?parent=884"}],"curies":[{"name":"wp","href":"https:\/\/api.w.org\/{rel}","templated":true}]}}